{"id":1027,"date":"2023-06-27T15:32:18","date_gmt":"2023-06-27T13:32:18","guid":{"rendered":"https:\/\/gintodi.it\/?post_type=product&#038;p=1027"},"modified":"2023-06-27T15:57:11","modified_gmt":"2023-06-27T13:57:11","slug":"gin-todi-tete-a-tete","status":"publish","type":"product","link":"https:\/\/gintodi.it\/en\/prodotto\/gin-todi-tete-a-tete\/","title":{"rendered":"GIN TODI t\u00eate-\u00e0-t\u00eate"},"content":{"rendered":"<p>T\u00eate-\u00e0-t\u00eate is the mini version of Gin Todi.<br \/>\nTwo 10ml bottles are housed in a designer box.<\/p>\n<p>T\u00eate-\u00e0-t\u00eate bottles are a perfect gift to try immediately to taste Gin Todi.<\/p>\n","protected":false},"excerpt":{"rendered":"<p>T\u00eate-\u00e0-t\u00eate is the mini version of Gin Todi. Two 10ml bottles are housed in a designer box. T\u00eate-\u00e0-t\u00eate bottles are a perfect gift to try immediately to taste Gin Todi.<\/p>\n","protected":false},"featured_media":1164,"template":"","meta":[],"product_brand":[],"product_cat":[41],"product_tag":[],"class_list":{"0":"post-1027","1":"product","2":"type-product","3":"status-publish","4":"has-post-thumbnail","6":"product_cat-gin-todi","8":"first","9":"instock","10":"taxable","11":"shipping-taxable","12":"purchasable","13":"product-type-simple"},"_links":{"self":[{"href":"https:\/\/gintodi.it\/en\/wp-json\/wp\/v2\/product\/1027","targetHints":{"allow":["GET"]}}],"collection":[{"href":"https:\/\/gintodi.it\/en\/wp-json\/wp\/v2\/product"}],"about":[{"href":"https:\/\/gintodi.it\/en\/wp-json\/wp\/v2\/types\/product"}],"wp:featuredmedia":[{"embeddable":true,"href":"https:\/\/gintodi.it\/en\/wp-json\/wp\/v2\/media\/1164"}],"wp:attachment":[{"href":"https:\/\/gintodi.it\/en\/wp-json\/wp\/v2\/media?parent=1027"}],"wp:term":[{"taxonomy":"product_brand","embeddable":true,"href":"https:\/\/gintodi.it\/en\/wp-json\/wp\/v2\/product_brand?post=1027"},{"taxonomy":"product_cat","embeddable":true,"href":"https:\/\/gintodi.it\/en\/wp-json\/wp\/v2\/product_cat?post=1027"},{"taxonomy":"product_tag","embeddable":true,"href":"https:\/\/gintodi.it\/en\/wp-json\/wp\/v2\/product_tag?post=1027"}],"curies":[{"name":"wp","href":"https:\/\/api.w.org\/{rel}","templated":true}]}}