{"id":1061,"date":"2023-11-14T11:22:56","date_gmt":"2023-11-14T10:22:56","guid":{"rendered":"https:\/\/gintodi.it\/prodotto\/choose-an-unforgettable-gift-for-christmas-2023\/"},"modified":"2024-01-18T09:24:40","modified_gmt":"2024-01-18T08:24:40","slug":"limited-edition-for-special-unboxing","status":"publish","type":"product","link":"https:\/\/gintodi.it\/en\/prodotto\/limited-edition-for-special-unboxing\/","title":{"rendered":"Limited edition for your special unboxing"},"content":{"rendered":"<p>T\u00eate-\u00e0-t\u00eate is the mini version of GinTodi. The 10cl bottle of Gin Todi is ideal for two Gin&amp;Tonic .<\/p>\n","protected":false},"excerpt":{"rendered":"<p>T\u00eate-\u00e0-t\u00eate is the mini version of GinTodi. The 10cl bottle of Gin Todi is ideal for two Gin&amp;Tonic .<\/p>\n","protected":false},"featured_media":1057,"template":"","meta":[],"product_brand":[],"product_cat":[41],"product_tag":[],"class_list":{"0":"post-1061","1":"product","2":"type-product","3":"status-publish","4":"has-post-thumbnail","6":"product_cat-gin-todi","8":"first","9":"instock","10":"taxable","11":"shipping-taxable","12":"purchasable","13":"product-type-simple"},"_links":{"self":[{"href":"https:\/\/gintodi.it\/en\/wp-json\/wp\/v2\/product\/1061","targetHints":{"allow":["GET"]}}],"collection":[{"href":"https:\/\/gintodi.it\/en\/wp-json\/wp\/v2\/product"}],"about":[{"href":"https:\/\/gintodi.it\/en\/wp-json\/wp\/v2\/types\/product"}],"wp:featuredmedia":[{"embeddable":true,"href":"https:\/\/gintodi.it\/en\/wp-json\/wp\/v2\/media\/1057"}],"wp:attachment":[{"href":"https:\/\/gintodi.it\/en\/wp-json\/wp\/v2\/media?parent=1061"}],"wp:term":[{"taxonomy":"product_brand","embeddable":true,"href":"https:\/\/gintodi.it\/en\/wp-json\/wp\/v2\/product_brand?post=1061"},{"taxonomy":"product_cat","embeddable":true,"href":"https:\/\/gintodi.it\/en\/wp-json\/wp\/v2\/product_cat?post=1061"},{"taxonomy":"product_tag","embeddable":true,"href":"https:\/\/gintodi.it\/en\/wp-json\/wp\/v2\/product_tag?post=1061"}],"curies":[{"name":"wp","href":"https:\/\/api.w.org\/{rel}","templated":true}]}}