{"id":1099,"date":"2024-07-16T17:34:16","date_gmt":"2024-07-16T15:34:16","guid":{"rendered":"https:\/\/gintodi.it\/?post_type=product&#038;p=1099"},"modified":"2024-07-16T17:44:28","modified_gmt":"2024-07-16T15:44:28","slug":"gin-todi-cocoa-tete-a-tete","status":"publish","type":"product","link":"https:\/\/gintodi.it\/en\/prodotto\/gin-todi-cocoa-tete-a-tete\/","title":{"rendered":"GIN TODI COCOA t\u00eate-\u00e0-t\u00eate 10cl"},"content":{"rendered":"<p>T\u00eate-\u00e0-t\u00eate Cocoa is the mini version of Gin Todi Cocoa.<\/p>\n<p>This 10cl format allows the tasting and creation of 2 gin and tonics.<br \/>\nThe pack of two 10cl bottles is perfect for dinners for two and as a gift for friends who are premium gin enthusiasts.<\/p>\n","protected":false},"excerpt":{"rendered":"<p>T\u00eate-\u00e0-t\u00eate Cocoa is the mini version of Gin Todi Cocoa. This 10cl format allows the tasting and creation of 2 gin and tonics. The pack of two 10cl bottles is perfect for dinners for two and as a gift for friends who are premium gin enthusiasts.<\/p>\n","protected":false},"featured_media":1147,"template":"","meta":[],"product_brand":[],"product_cat":[41],"product_tag":[],"class_list":{"0":"post-1099","1":"product","2":"type-product","3":"status-publish","4":"has-post-thumbnail","6":"product_cat-gin-todi","8":"first","9":"instock","10":"taxable","11":"shipping-taxable","12":"purchasable","13":"product-type-simple"},"_links":{"self":[{"href":"https:\/\/gintodi.it\/en\/wp-json\/wp\/v2\/product\/1099","targetHints":{"allow":["GET"]}}],"collection":[{"href":"https:\/\/gintodi.it\/en\/wp-json\/wp\/v2\/product"}],"about":[{"href":"https:\/\/gintodi.it\/en\/wp-json\/wp\/v2\/types\/product"}],"wp:featuredmedia":[{"embeddable":true,"href":"https:\/\/gintodi.it\/en\/wp-json\/wp\/v2\/media\/1147"}],"wp:attachment":[{"href":"https:\/\/gintodi.it\/en\/wp-json\/wp\/v2\/media?parent=1099"}],"wp:term":[{"taxonomy":"product_brand","embeddable":true,"href":"https:\/\/gintodi.it\/en\/wp-json\/wp\/v2\/product_brand?post=1099"},{"taxonomy":"product_cat","embeddable":true,"href":"https:\/\/gintodi.it\/en\/wp-json\/wp\/v2\/product_cat?post=1099"},{"taxonomy":"product_tag","embeddable":true,"href":"https:\/\/gintodi.it\/en\/wp-json\/wp\/v2\/product_tag?post=1099"}],"curies":[{"name":"wp","href":"https:\/\/api.w.org\/{rel}","templated":true}]}}